{"id":1198,"date":"2025-02-13T17:24:08","date_gmt":"2025-02-13T17:24:08","guid":{"rendered":"https:\/\/www.ecorallyemallorca.com\/?page_id=1198"},"modified":"2026-03-17T22:53:37","modified_gmt":"2026-03-17T22:53:37","slug":"eco-rallye-mallorca-2025","status":"publish","type":"page","link":"https:\/\/www.ecorallyemallorca.com\/ca\/","title":{"rendered":"Eco Ral\u00b7li Mallorca 2025"},"content":{"rendered":"<p>[et_pb_section fb_built=&quot;1&quot; _builder_version=&quot;4.17.3&quot; _module_preset=&quot;default&quot; custom_padding=&quot;24px||0px|||&quot; global_colors_info=\u00bb{}\u00bb][et_pb_row _builder_version=\u00bb4.17.3\u2033 _module_preset=\u00bbdefault\u00bb custom_padding=\u00bb||0px|||\u00bb global_colors_info=\u00bb{}\u00bb][et_pb_column type=\u00bb4_4\u2033 _builder_version=\u00bb4.17.3\u2033 _module_preset=\u00bbdefault\u00bb global_colors_info=\u00bb{}\u00bb][et_pb_text _builder_version=\u00bb4.17.4\u2033 _module_pres =\u00bb|300|||||||\u00bb header_text_color=&quot;#0082CB&quot; header_font_size=&quot;34px&quot; header_text_align_tablet=&quot;&quot; header_text_align_phone=&quot;justify&quot; header_text_align_last_edited=&quot;on|desktop&quot; header_font_size_table_ _font_size_last_edited=\u00bbon|phone\u00bb global_colors_info=\u00bb{}\u00bb]<\/p>\n<h1 style=\"text-align: center;\"><strong><span>Eco Ral\u00b7li Mallorca Inca Ciutat<\/span><\/strong><\/h1>\n<div>\n<p align=\"center\"><strong><span lang=\"ES\">VI Edici\u00f3 <span>Eco Ral\u00b7li Mallorca Inca Ciutat<\/span><\/span><\/strong><span lang=\"ES\">. Esdeveniment pioner a Balears que uneix esport, <em>sostenibilitat i comprom\u00eds amb el medi ambient.<\/em><o:p><\/o:p><\/span><\/p>\n<p align=\"center\"><span lang=\"ES\"><em><\/em><\/span><\/p>\n<\/div>\n<div>\n<p class=\"p2\" align=\"center\"><span lang=\"ES\">Inca , Centre Neur\u00e0lgic \u00b7 Carreteres de muntanya amb bona adher\u00e8ncia, de doble sentit i segures per a la conducci\u00f3.<o:p><\/o:p><\/span><\/p>\n<p class=\"p2\" align=\"center\"><span lang=\"ES\"><\/span><\/p>\n<\/div>\n<div>\n<p class=\"p2\" align=\"center\"><span lang=\"ES\">Recorregut variat per m\u00e9s del 50% de l\u00b4illa \u00b7 Els millors paisatges i localitats de Mallorca.<o:p><\/o:p><\/span><\/p>\n<\/div>\n<div>\n<p class=\"p2\" align=\"center\"><span lang=\"ES\">Desafiament de mobilitat amb etapa nocturna \u00b7 M\u00e9s de 300 KM de recorregut \u00b7 Activitats i esdeveniments complementaris.<o:p><\/o:p><\/span><\/p>\n<\/div>\n<p style=\"text-align: center;\">\n<p style=\"text-align: center;\"><em><\/em><\/p>\n<p>[\/et_pb_text][\/et_pb_column][\/et_pb_row][\/et_pb_section][et_pb_section fb_built=&quot;1&quot; _builder_version=&quot;4.23.1&quot; _module_preset=&quot;default&quot; custom_padding=&quot;0px|| global_colors_info=&quot;{}&quot;][et_pb_row _builder_version=&quot;4.23.1&quot; _module_preset=&quot;default&quot; width=&quot;100%&quot; max_width=&quot;2560px&quot; custom_padding=&quot;0px|||||&quot; global_colors_info=\u00bb{}\u00bb][et_pb_column type=\u00bb4_4\u2033 _builder_version=\u00bb4.23.1\u2033 _module_preset=\u00bbdefault\u00bb global_colors_info=\u00bb{}\u00bb][et_pb_countdown_timer title=\u00bb6a edici\u00f3\u00bb date_time=\u00bb202 _builder_version=&quot;4.23.1&quot; _module_preset=&quot;default&quot; header_font_size=&quot;63px&quot; numbers_font=&quot;Poppins|600||||||||&quot; numbers_font_size=&quot;52px&quot; label_font_size=&quot;18px&quot; background_color=&quot;rgba(12,113,195,0.63)&quot; height_tablet=&quot;&quot; height_phone=&quot;&quot; height_last_edited=&quot;on|phone&quot; max_height_tablet= max_height_last_edited=\u00bbon|phone\u00bb custom_margin=\u00bb||-29px|||\u00bb custom_padding=\u00bb9px||23px|||\u00bb header_font_size_tablet=&quot;63px&quot; header_font_size_phone=&quot;43px&quot; header_font_size_last_edited=&quot;on|phone&quot; numbers_font_size_tablet=&quot;52px&quot; numbers_font_size_phone=&quot;30px&quot; numb numbers_letter_spacing_tablet=&quot;&quot; numbers_letter_spacing_phone=&quot;0px&quot; numbers_letter_spacing_last_edited=&quot;on|phone&quot; label_font_size_tablet=&quot;18px&quot; label_font_size_phone=&quot;10px&quot; label_ module_alignment_tablet=\u00bb\u00bb module_alignment_phone=\u00bb\u00bb module_alignment_last_edited=\u00bbon|phone\u00bb box_shadow_style=\u00bbpreset6\u2033 text_shadow_style=\u00bbpreset4\u2033 text_shadow_color=\u00bbRGBA(255,205,25) text_shadow_vertical_length_tablet=\u00bb\u00bb text_shadow_vertical_length_phone=\u00bb0.01em\u00bb text_shadow_vertical_length_last_edited=\u00bbon|phone\u00bb global_colors_info=\u00bb{}\u00bb][\/et_pb_countdown_timer][\/et_pb_column][\/et_pb_row][\/et_pb_section][et_pb_section fb_built=\u00bb1\u2033 _builder_version=\u00bb4.23.1\u2033 _module_preset= custom_padding=\u00bb||0px|||\u00bb global_colors_info=\u00bb{}\u00bb][et_pb_row column_structure=\u00bb1_2,1_2\u2033 _builder_version=\u00bb4.23.1\u2033 _module_preset=\u00bbdefault\u00bb global_colors_info=\u00bb{}\u00bb][et_pb_column type=\u00bb1_2\u2033 _builder_version. _module_preset=\u00bbdefault\u00bb global_colors_info=\u00bb{}\u00bb][et_pb_image src=\u00bbhttps:\/\/www.ecorallyemallorca.com\/wp-content\/uploads\/2026\/02\/001-IMAGEN-ACCES-SPORTITY-ECO-2026_page-0001.jpg 2026_page-0001\u2033 url=\u00bbhttps:\/\/webapp.sportity.com\/event\/ECOMALLORCA26\/a2d93367-088f-4547-b08b-18aa7805f803\u2033 url_new_window=\u00bbon\u00bb _builder _module_preset=&quot;default&quot; max_height=&quot;295px&quot; custom_margin=&quot;||-4px|||&quot; custom_padding=\u00bb|0px||||\u00bb border_radii=\u00bbon|20px|20px|20px|20px\u00bb global_colors_info=\u00bb{}\u00bb][\/et_pb_image][\/et_pb_column][et_pb_column type=\u00bb1_2\u2033 _builder_version=\u00bb4.23.1\u2033 _module_preset= global_colors_info=\u00bb{}\u00bb][et_pb_video src=\u00bbhttps:\/\/www.youtube.com\/watch?v=RHaIPf3cfFM\u00bb _builder_version=\u00bb4.23.1\u2033 _module_preset=\u00bbdefault\u00bb border_radii=\u00bbon|20px|20 global_colors_info=\u00bb{}\u00bb][\/et_pb_video][\/et_pb_column][\/et_pb_row][\/et_pb_section][et_pb_section fb_built=\u00bb1\u2033 _builder_version=\u00bb4.16\u2033 _module_preset=\u00bbdefault\u00bb| global_colors_info=\u00bb{}\u00bb][et_pb_row _builder_version=\u00bb4.16\u2033 _module_preset=\u00bbdefault\u00bb custom_padding=\u00bb7px||7px|||\u00bb global_colors_info=\u00bb{}\u00bb][et_pb_column type=\u00bb4_4\u2033 _builder_version=\u00bb4.16\u2033 _module_preset=\u00bbdefault\u00bb global_colors_info=\u00bb{}\u00bb][et_pb_text _builder_version=\u00bb4.23.1\u2033 _module_preset=\u00bb header_font=\u00bb|300|||||||\u00bb header_text_color=&quot;#0082CB&quot; header_font_size=&quot;34px&quot; header_2_font=\u00bb|300||||||| header_2_text_color=&quot;#0082CB&quot; header_2_font_size=&quot;34px&quot; header_text_align_tablet=&quot;&quot; header_text_align_phone=&quot;justify&quot; header_text_align_last_edited=&quot;on|desktop&quot; header_font_si header_font_size_phone=&quot;21px&quot; header_font_size_last_edited=&quot;on|phone&quot; header_2_text_align_tablet=&quot;&quot; header_2_text_align_phone=&quot;justify&quot; header_2_text_align_last_edited=&quot;on|desktop&quot; header header_2_font_size_phone=\u00bb21px\u00bb header_2_font_size_last_edited=\u00bbon|phone\u00bb global_colors_info=\u00bb{}\u00bb]<\/p>\n<h2 style=\"text-align: center;\">El <strong><span>Eco Ral\u00b7li Mallorca Inca Ciutat<\/span><\/strong> forma part del projecte multidisciplinar <strong>eMallorca Experience.<\/strong><\/h2>\n<h2><strong>\u00a0<\/strong><\/h2>\n<p><strong><\/strong><\/p>\n<p>[\/et_pb_text][\/et_pb_column][\/et_pb_row][et_pb_row _builder_version=&quot;4.23.1&quot; _module_preset=&quot;default&quot; width=&quot;65%&quot; module_alignment=&quot;center&quot; custom_margin=\u00bb| custom_padding=&quot;0px||0px||false|false&quot; global_colors_info=&quot;{}&quot;][et_pb_column type=&quot;4_4&quot; _builder_version=&quot;4.16&quot; _module_preset=&quot;default&quot; global_colors_info=&quot;__der_mod_version_3_mod___________________________1_mod_______&quot; fault\u00bb text_font_size=&quot;18px&quot; custom_margin=&quot;0px||0px||false|false&quot; custom_padding=&quot;0px||0px||false|false&quot; global_colors_info=\u00bb{}\u00bb]<\/p>\n<p style=\"font-weight: 400;\">Sisena edici\u00f3 d&#039;aquesta prova, que el 2026 continua sent puntuable per al <strong>Campionat d\u00b4Espanya d\u00b4Energies Alternatives<\/strong>. Es tracta d'una prova automobil\u00edstica federada, on els equips participants mesuren la seva destresa al volant per ser tan eficients com sigui possible. Es <strong>mesura el consum i la regularitat<\/strong> en conducci\u00f3 per carretera sota una mitjana d'uns 50km\/h. Els vehicles utilitzats s\u00f3n <strong>cotxes de s\u00e8rie h\u00edbrids i\/o el\u00e8ctrics<\/strong>. Les carreteres de <strong>Mallorca<\/strong> reben els millors pilots nacionals i locals amb pres\u00e8ncia de diverses figures destacades de la societat.<\/p>\n<p>[\/et_pb_text][\/et_pb_column][\/et_pb_row][et_pb_row _builder_version=\u00bb4.16\u2033 _module_preset=\u00bbdefault\u00bb custom_padding=\u00bb||4px|||\u00bb global_colors_info=\u00bb{}\u00bb][et_pb_column type=\u00bb4_4\u2033 _builder_version=\u00bb4.16\u2033 _module_preset=\u00bbdefault\u00bb global_colors_info=\u00bb{}\u00bb][et_pb_text _builder_version=\u00bb4.17.3\u2033 _module_preset= font_size=&quot;24px&quot; header_4_text_align=&quot;center&quot; header_4_text_color=&quot;#0082CB&quot; header_4_font_size=&quot;22px&quot; header_6_text_align=&quot;center&quot; header_6_text_color=&quot;#00= centre\u00bb global_colors_info=\u00bb{}\u00bb]<\/p>\n<p>Tu tamb\u00e9 vols accelerar el canvi? Uneix-te a aquesta experi\u00e8ncia!<\/p>\n<p>[\/et_pb_text][\/et_pb_column][\/et_pb_row][\/et_pb_section][et_pb_section fb_built=\u00bb1\u2033 _builder_version=\u00bb4.23.1\u2033 _module_preset=\u00bbdefault\u00bb background_color=\u00bb#FFFFFF custom_margin=&quot;0px|0px|0px|0px|false|false&quot; custom_padding=&quot;0px|0px|0px|0px|false|false&quot; global_colors_info=&quot;{}&quot;][et_pb_row column_structure=&quot;1_2,1_2&quot; _bu. _module_preset=&quot;default&quot; width_tablet=&quot;&quot; width_phone=&quot;100%&quot; width_last_edited=&quot;on|phone&quot; global_colors_info=&quot;{}&quot;][et_pb_column type=&quot;1_2&quot; _builder_version=&quot;4.16&quot; global_colors_info=\u00bb{}\u00bb][et_pb_image src=\u00bbhttps:\/\/www.ecorallyemallorca.com\/wp-content\/uploads\/2026\/03\/000-CARTEL-ECO-RALLYE-2026_page-0001.jpg\u00bb title_text=\u00bb000 CARTELL-ECO0 show_bottom_space=&quot;off&quot; align=&quot;center&quot; _builder_version=&quot;4.23.1&quot; _module_preset=&quot;default&quot; width_phone=&quot;100%&quot; width_last_edited=&quot;off|phone&quot; max_width_tablet=&quot;&quot; max_width max_width_last_edited=&quot;on|desktop&quot; custom_padding=&quot;|0px||0px|true|true&quot; border_radii=&quot;on|20px|20px|20px|20px&quot; border_width_all=&quot;3px&quot; border_color_all=\u00bb1TP global_colors_info=\u00bb{}\u00bb][\/et_pb_image][\/et_pb_column][et_pb_column type=\u00bb1_2\u2033 _builder_version=\u00bb4.23.1\u2033 _module_preset=\u00bbdefault\u00bb global_colors_info=\u00bb{}\u00bb][et_pb_image src=\u00bbhttps:\/\/www.ecorallyemallorca.com\/wp-content\/uploads\/2026\/02\/002-Placa-ECORALLY-2026_page-0001-scaled.jpg\u00bb title_text=\u00bb002 Placa ECORALLY 2026_page-0001\u2033 _builder _module_preset=\u00bbdefault\u00bb global_colors_info=\u00bb{}\u00bb][\/et_pb_image][et_pb_image src=\u00bbhttps:\/\/www.ecorallyemallorca.com\/wp-content\/uploads\/2022\/11\/BANNER-ECORALLYE.jpg\u00bb title_text=\u00bbBANNER ECO url=\u00bb@ET-DC@eyJkeW5hbWljIjp0cnVlLCJjb250ZW50IjoicG9zdF9saW5rX3VybF93cGRtcHJvIiwic2V0dGluZ3MiOnsicG9zdF9pZCI6IjQ= _builder_version=&quot;4.23.1&quot; _dynamic_attributes=&quot;url&quot; _module_preset=&quot;default&quot; max_width=&quot;100%&quot; max_width_tablet=&quot;100%&quot; max_width_phone=&quot;85%&quot; max| custom_margin=\u00bb||4px|||\u00bb module_alignment_tablet=\u00bb\u00bb module_alignment_phone=\u00bbcenter\u00bb module_alignment_last_edited=\u00bbon|desktop\u00bb border_radii=\u00bbon|20px|20px|20px|20px\u00bb global_colors_info=\u00bb{}\u00bb][\/et_pb_image][\/et_pb_column][\/et_pb_row][\/et_pb_section][et_pb_section fb_built=\u00bb1\u2033 _builder_version=\u00bb4.23.1\u2033 _module_preset=\u00bbdefault\u00bb| global_colors_info=&quot;{}&quot;][et_pb_row _builder_version=&quot;4.23.1&quot; _module_preset=&quot;default&quot; global_colors_info=&quot;{}&quot;][et_pb_column type=&quot;4_4&quot; _builder_version=&quot;4.23.1&quot; _module_pres global_colors_info=\u00bb{}\u00bb][et_pb_text _builder_version=\u00bb4.23.1\u2033 _module_preset=\u00bbdefault\u00bb header_font=\u00bb|300|||||||\u00bb header_text_color=&quot;#0082CB&quot; header_font_size=&quot;34px&quot; header_2_font=\u00bb|300||||||| header_2_text_color=&quot;#0082CB&quot; header_2_font_size=&quot;34px&quot; header_font_size_tablet=&quot;28px&quot; header_font_size_phone=&quot;21px&quot; header_font_size_last_edited=&quot;on|phone&quot; header_2 header_2_font_size_phone=\u00bb21px\u00bb header_2_font_size_last_edited=\u00bbon|phone\u00bb global_colors_info=\u00bb{}\u00bb]<\/p>\n<h2 class=\"title text-center mb-4 fs-4\" style=\"text-align: center;\"><strong>Donem suport al Pledge de la Fundaci\u00f3 Mallorca Turisme<\/strong><\/h2>\n<p>[\/et_pb_text][\/et_pb_column][\/et_pb_row][et_pb_row _builder_version=&quot;4.23.1&quot; _module_preset=&quot;default&quot; global_colors_info=&quot;{}&quot;][et_pb_column type=&quot;4_4&quot; _builder_version=. _info=&quot;{}&quot;][et_pb_text _builder_version=&quot;4.23.1&quot; _module_preset=&quot;default&quot; text_font_size=&quot;18px&quot; custom_margin=&quot;0px||0px||false|false&quot; custom_padding=&quot;0px||0<\/p>\n<p style=\"text-align: center;\"><span>A\u00a0<\/span><strong>l&#039;Ecorallye Mallorca<\/strong><span>, ens unim a la<\/span><span>\u00a0<\/span><strong>Fundaci\u00f3 Mallorca Turisme<\/strong><span>\u00a0en el seu comprom\u00eds de promoure un turisme sostenible a la nostra bonica illa. Ens enorgulleix donar suport a aquesta iniciativa que busca donar forma a una Mallorca on visitants i residents convisquin, gaudeixin, experimentin i preservin la natura, els valors i la bellesa que ens envolten.<\/span><\/p>\n<p>[\/et_pb_text][et_pb_text _builder_version=&quot;4.23.1&quot; _module_preset=&quot;default&quot; text_text_color=&quot;#0C71C3&quot; text_font_size=&quot;18px&quot; custom_margin=&quot;0px||0px||false false\u00bb global_colors_info=\u00bb{}\u00bb]<\/p>\n<p style=\"text-align: center;\"><em class=\"fw-bold px-4 px-md-5 mb-4 d-inline-block\">El nostre prop\u00f2sit i comprom\u00eds \u00e9s promoure un turisme sostenible i donar forma a una illa on visitants i residents convisquin, gaudeixin, experimentin i preservin la natura, els valors i la bellesa de Mallorca.<\/em><\/p>\n<p>[\/et_pb_text][\/et_pb_column][\/et_pb_row][et_pb_row _builder_version=&quot;4.23.1&quot; _module_preset=&quot;default&quot; global_colors_info=&quot;{}&quot;][et_pb_column type=&quot;4_4&quot; _builder_version=. _module_preset=\u00bbdefault\u00bb global_colors_info=\u00bb{}\u00bb][et_pb_button button_url=\u00bbhttps:\/\/pledge.fundaciomallorcaturisme.net\/ca\u00bb url_new_window=\u00bbon\u00bb button_text=\u00bbUNEIX-TE A NOSALTRES\u00bb button_alig _builder_version=&quot;4.23.1&quot; _module_preset=&quot;default&quot; global_colors_info=&quot;{}&quot;][\/et_pb_button][\/et_pb_column][\/et_pb_row][\/et_pb_section][et_pb_section fb_built=\u00bb2\u2033. _module_preset=\u00bbdefault\u00bb custom_margin=\u00bb||-152px|||\u00bb custom_padding=&quot;0px||90px||false|false&quot; global_colors_info=&quot;{}&quot;][et_pb_row _builder_version=&quot;4.23.1&quot; _module_preset=&quot;default&quot; global_colors_info=&quot;{}&quot;][et_pb_column type=\u00bb4. _module_preset=&quot;default&quot; global_colors_info=&quot;{}&quot;][\/et_pb_column][\/et_pb_row][et_pb_row _builder_version=&quot;4.23.1&quot; _module_preset=&quot;default&quot; width=&quot;50%&quot; width_table width_phone=&quot;100%&quot; width_last_edited=&quot;on|phone&quot; max_width=&quot;2560px&quot; global_colors_info=&quot;{}&quot;][et_pb_column type=&quot;4_4&quot; _builder_version=&quot;4.23.1&quot; _module_preset= global_colors_info=\u00bb{}\u00bb][et_pb_image src=\u00bbhttps:\/\/www.ecorallyemallorca.com\/wp-content\/uploads\/2026\/02\/logos-ecorallye-web.jpg\u00bb title_text=\u00bblogs ecorallye web\u00bb src_last_edited=\u00bbon|phone\u00bb disable _builder_version=&quot;4.23.1&quot; _module_preset=&quot;default&quot; custom_margin=&quot;0px|0px|0px|0px|true|true&quot; custom_padding=&quot;0px|0px|0px|0px|true|true&quot; hover_enabled=\u00bb0 sticky_enabled=\u00bb0\u2033 src_tablet=\u00bbhttps:\/\/www.ecorallyemallorca.com\/wp-content\/uploads\/2026\/02\/logos-ecorallye-web.jpg\u00bb src_phone=\u00bbhttps:\/\/www.ecorallyemallorca.com\/wp-content\/uploads\/2026\/02\/logos-ecorallye-web.jpg\u00bb][\/et_pb_image][\/et_pb_column][\/et_pb_row][\/et_pb_section]<\/p>","protected":false},"excerpt":{"rendered":"<p>Eco Ral\u00b7li Mallorca Inca Ciutat VI Edici\u00f3 Eco Ral\u00b7li Mallorca Inca Ciutat. Esdeveniment pioner a les Balears que uneix esport, sostenibilitat i comprom\u00eds amb el medi ambient. Inca , Centre Neur\u00e0lgic \u00b7 Carreteres de muntanya amb bona adher\u00e8ncia, de doble sentit i segures per a la conducci\u00f3. Recorregut variat per m\u00e9s del 50% de l&#039;illa \u00b7 [\u2026]<\/p>","protected":false},"author":2,"featured_media":0,"parent":0,"menu_order":0,"comment_status":"closed","ping_status":"closed","template":"","meta":{"_et_pb_use_builder":"on","_et_pb_old_content":"","_et_gb_content_width":"","_eb_attr":"","_uag_custom_page_level_css":"","footnotes":""},"class_list":["post-1198","page","type-page","status-publish","hentry"],"uagb_featured_image_src":{"full":false,"thumbnail":false,"medium":false,"medium_large":false,"large":false,"1536x1536":false,"2048x2048":false,"trp-custom-language-flag":false,"et-pb-post-main-image":false,"et-pb-post-main-image-fullwidth":false,"et-pb-portfolio-image":false,"et-pb-portfolio-module-image":false,"et-pb-portfolio-image-single":false,"et-pb-gallery-module-image-portrait":false,"et-pb-post-main-image-fullwidth-large":false,"et-pb-image--responsive--desktop":false,"et-pb-image--responsive--tablet":false,"et-pb-image--responsive--phone":false},"uagb_author_info":{"display_name":"Angel Sola","author_link":"https:\/\/www.ecorallyemallorca.com\/ca\/author\/angel\/"},"uagb_comment_info":0,"uagb_excerpt":"Eco Rallye Mallorca Inca Ciutat VI Edici\u00f3n Eco Rallye Mallorca Inca Ciutat. Evento pionero en Baleares que a\u00fana deporte, sostenibilidad y compromiso con el medio ambiente. Inca , Centro Neur\u00e1lgico \u00b7 Carreteras de monta\u00f1a con buen agarre, de doble sentido y seguras para la conducci\u00f3n. Recorrido variado por m\u00e1s del 50% de la isla \u00b7&hellip;","_links":{"self":[{"href":"https:\/\/www.ecorallyemallorca.com\/ca\/wp-json\/wp\/v2\/pages\/1198","targetHints":{"allow":["GET"]}}],"collection":[{"href":"https:\/\/www.ecorallyemallorca.com\/ca\/wp-json\/wp\/v2\/pages"}],"about":[{"href":"https:\/\/www.ecorallyemallorca.com\/ca\/wp-json\/wp\/v2\/types\/page"}],"author":[{"embeddable":true,"href":"https:\/\/www.ecorallyemallorca.com\/ca\/wp-json\/wp\/v2\/users\/2"}],"replies":[{"embeddable":true,"href":"https:\/\/www.ecorallyemallorca.com\/ca\/wp-json\/wp\/v2\/comments?post=1198"}],"version-history":[{"count":19,"href":"https:\/\/www.ecorallyemallorca.com\/ca\/wp-json\/wp\/v2\/pages\/1198\/revisions"}],"predecessor-version":[{"id":1346,"href":"https:\/\/www.ecorallyemallorca.com\/ca\/wp-json\/wp\/v2\/pages\/1198\/revisions\/1346"}],"wp:attachment":[{"href":"https:\/\/www.ecorallyemallorca.com\/ca\/wp-json\/wp\/v2\/media?parent=1198"}],"curies":[{"name":"wp","href":"https:\/\/api.w.org\/{rel}","templated":true}]}}