{"id":3,"date":"2021-05-07T08:52:48","date_gmt":"2021-05-07T08:52:48","guid":{"rendered":"https:\/\/www.ecorallyemallorca.com\/?page_id=3"},"modified":"2021-12-18T12:16:24","modified_gmt":"2021-12-18T12:16:24","slug":"politica","status":"publish","type":"page","link":"https:\/\/www.ecorallyemallorca.com\/ca\/politica\/","title":{"rendered":"Pol\u00edtica de Privadesa"},"content":{"rendered":"[et_pb_section admin_label=\u00bbsection\u00bb] [et_pb_row admin_label=\u00bbrow\u00bb] [et_pb_column type=\u00bb4_4\u2033][et_pb_text admin_label=\u00bbText\u00bb]<!-- divi:paragraph -->\n<p><strong>Pol\u00edtica de Cookies<\/strong><\/p>\n<!-- \/divi:paragraph -->\n\n<!-- divi:paragraph -->\n<p><em>\u00daltima actualitzaci\u00f3:<\/em><em>&nbsp;29 d&#039;abril del 2021<\/em><\/p>\n<!-- \/divi:paragraph -->\n\n<!-- divi:paragraph -->\n<p><strong>Sumari<\/strong><\/p>\n<!-- \/divi:paragraph -->\n\n<!-- divi:list -->\n<ul><li>Cookies usades:&nbsp;<strong>Pr\u00f2pies i de Tercers<\/strong><\/li><li>S&#039;utilitzen per obtenir estad\u00edstiques?&nbsp;<strong>S\u00ed, sent la base legal el nostre inter\u00e8s leg\u00edtim a fer una millor gesti\u00f3 del servei.<\/strong><\/li><li>Serveis de tercers que instal\u00b7len cookies a trav\u00e9s d&#039;aquest web:&nbsp;<strong>Google i Google Analytics.<\/strong><\/li><\/ul>\n<!-- \/divi:list -->\n\n<!-- divi:paragraph -->\n<p><strong>Com configurar i deshabilitar les cookies<\/strong><\/p>\n<!-- \/divi:paragraph -->\n\n<!-- divi:paragraph -->\n<p>Pots permetre, bloquejar o eliminar les cookies instal\u00b7lades al dispositiu des del teu navegador web. Si no permeteu la instal\u00b7laci\u00f3 de galetes al vostre dispositiu, \u00e9s possible que l&#039;experi\u00e8ncia de navegaci\u00f3 empitjori. A continuaci\u00f3 pots trobar com configurar les cookies a cada navegador:<\/p>\n<!-- \/divi:paragraph -->\n\n<!-- divi:paragraph -->\n<p>\u2013<a href=\"http:\/\/windows.microsoft.com\/es-es\/windows-10\/edge-privacy-faq\">Edge<\/a><\/p>\n<!-- \/divi:paragraph -->\n\n<!-- divi:paragraph -->\n<p>\u2013<a href=\"https:\/\/support.google.com\/chrome\/answer\/95647?hl=es\">Google Chrome<\/a><\/p>\n<!-- \/divi:paragraph -->\n\n<!-- divi:paragraph -->\n<p>\u2013<a href=\"https:\/\/support.google.com\/chrome\/answer\/114662?hl=es&amp;visit_id=1-636664625754483085-1648636281&amp;rd=1&amp;co=GENIE.Platform%3DAndroid&amp;oco=1\">&nbsp;Google Android<\/a><\/p>\n<!-- \/divi:paragraph -->\n\n<!-- divi:paragraph -->\n<p>\u2013<a href=\"https:\/\/support.microsoft.com\/es-es\/help\/17442\/windows-internet-explorer-delete-manage-cookies\">&nbsp;Internet Explorer 8<\/a><\/p>\n<!-- \/divi:paragraph -->\n\n<!-- divi:paragraph -->\n<p>\u2013<a href=\"https:\/\/support.microsoft.com\/es-es\/help\/278835\/how-to-delete-cookie-files-in-internet-explorer\">&nbsp;Internet Explorer 9<\/a><\/p>\n<!-- \/divi:paragraph -->\n\n<!-- divi:paragraph -->\n<p>\u2013<a href=\"https:\/\/support.microsoft.com\/es-es\/help\/17442\/windows-internet-explorer-delete-manage-cookies#ie=ie-10\">&nbsp;Internet Explorer 11<\/a><\/p>\n<!-- \/divi:paragraph -->\n\n<!-- divi:paragraph -->\n<p>\u2013<a href=\"https:\/\/support.mozilla.org\/es\/kb\/habilitar-y-deshabilitar-cookies-que-los-sitios-we\">Mozilla Firefox<\/a><\/p>\n<!-- \/divi:paragraph -->\n\n<!-- divi:paragraph -->\n<p>\u2013<a href=\"https:\/\/help.opera.com\/en\/latest\/web-preferences\/#cookies\">&nbsp;Opera<\/a><\/p>\n<!-- \/divi:paragraph -->\n\n<!-- divi:paragraph -->\n<p>\u2013&nbsp;<a href=\"https:\/\/support.apple.com\/es-es\/guide\/safari\/sfri11471\/mac\">Safari<\/a><\/p>\n<!-- \/divi:paragraph -->\n\n<!-- divi:paragraph -->\n<p>\u2013<a href=\"https:\/\/support.apple.com\/es-es\/HT201265\">Safari Mobile<\/a><\/p>\n<!-- \/divi:paragraph -->\n\n<!-- divi:paragraph -->\n<p><strong>1.- Tipus i usos<\/strong><\/p>\n<!-- \/divi:paragraph -->\n\n<!-- divi:paragraph -->\n<p>El servei utilitza galetes pr\u00f2pies i de tercers per millorar la navegaci\u00f3, proporcionar el servei i obtenir estad\u00edstiques sobre l&#039;\u00fas de la p\u00e0gina web.<\/p>\n<!-- \/divi:paragraph -->\n\n<!-- divi:paragraph -->\n<p><strong>2.- Qu\u00e8 \u00e9s una galeta i per a qu\u00e8 serveix?<\/strong><\/p>\n<!-- \/divi:paragraph -->\n\n<!-- divi:paragraph -->\n<p>Una galeta \u00e9s un fitxer de text que s&#039;envia al navegador web del vostre ordinador, m\u00f2bil o tablet i que serveix per emmagatzemar i recuperar informaci\u00f3 sobre la navegaci\u00f3 realitzada. Per exemple, recordar el vostre nom d&#039;usuari i contrasenya o les prefer\u00e8ncies del vostre perfil.<\/p>\n<!-- \/divi:paragraph -->\n\n<!-- divi:paragraph -->\n<p><strong>3.- Quins tipus de cookies hi ha?<\/strong><\/p>\n<!-- \/divi:paragraph -->\n\n<!-- divi:paragraph -->\n<p>Segons qui les gestiona:<\/p>\n<!-- \/divi:paragraph -->\n\n<!-- divi:list -->\n<ul><li>Cookies pr\u00f2pies; s&#039;envien al vostre navegador des dels nostres equips o dominis web.<\/li><li>Galetes de tercers; s&#039;envien al vostre navegador des d&#039;un equip o domini web que no gestionem nosaltres directament, sin\u00f3 una tercera entitat com ara Google.<\/li><\/ul>\n<!-- \/divi:list -->\n\n<!-- divi:paragraph -->\n<p>En funci\u00f3 del temps que estan actives, hi ha:<\/p>\n<!-- \/divi:paragraph -->\n\n<!-- divi:list -->\n<ul><li>Galetes de sessi\u00f3; romanen a l&#039;arxiu de cookies del teu navegador fins que abandones la p\u00e0gina web, de manera que cap queda al teu dispositiu.<\/li><li>Galetes persistents; romanen al teu dispositiu i la nostra web les llegeix cada cop que fas una nova visita. Aquestes galetes deixen de funcionar passada una data concreta.<\/li><\/ul>\n<!-- \/divi:list -->\n\n<!-- divi:paragraph -->\n<p>Finalment, i segons la finalitat, tenim:<\/p>\n<!-- \/divi:paragraph -->\n\n<!-- divi:list -->\n<ul><li>Galetes t\u00e8cniques; milloren la navegaci\u00f3 i el bon funcionament de la web.<\/li><li>Galetes de personalitzaci\u00f3; permeten accedir al servei amb unes caracter\u00edstiques predefinides segons una s\u00e8rie de criteris.<\/li><li>Galetes d&#039;an\u00e0lisi; permeten mesurar i analitzar estad\u00edsticament l\u00fas que es fa del servei prestat.<\/li><\/ul>\n<!-- \/divi:list -->\n\n<!-- divi:paragraph -->\n<p>Cookies usades per Level Training:<\/p>\n<!-- \/divi:paragraph -->\n\n<!-- divi:table -->\n<figure class=\"wp-block-table\"><table><tbody><tr><td><strong>Nom<\/strong><\/td><td><strong>Origen<\/strong><\/td><td><strong>Finalitat<\/strong><\/td><td><strong>Tipus<\/strong><\/td><td><strong>Caducitat<\/strong><\/td><\/tr><tr><td>_ga<\/td><td>________<\/td><td>Anal\u00edtica (rendiment)<\/td><td>Pr\u00f2pia<\/td><td>2 anys<\/td><\/tr><tr><td>_gid<\/td><td>________<\/td><td>Anal\u00edtica (funcionalitat)<\/td><td>Pr\u00f2pia<\/td><td>1 dia<\/td><\/tr><tr><td>_gat<\/td><td>________<\/td><td>Anal\u00edtica (rendiment)<\/td><td>Pr\u00f2pia<\/td><td>Sessi\u00f3<\/td><\/tr><\/tbody><\/table><\/figure>\n<!-- \/divi:table -->\n\n<!-- divi:paragraph -->\n<p>Llista de galetes de tercer usades per Level Training:<\/p>\n<!-- \/divi:paragraph -->\n\n<!-- divi:paragraph -->\n<p><a href=\"http:\/\/www.google.com\/policies\/privacy\/\">Google<\/a>: Les vostres cookies (NID o CONSENT) permeten personalitzar com es veuen anuncis fora de Google o emmagatzemar informaci\u00f3 com l&#039;idioma preferit a l&#039;hora de mostrar resultats de cerca.<\/p>\n<!-- \/divi:paragraph -->\n\n<!-- divi:paragraph -->\n<p><a href=\"https:\/\/www.google.com\/policies\/technologies\/types\/\">M\u00e9s informaci\u00f3<\/a>&nbsp;sobre els tipus de cookies que utilitza Google als seus m\u00faltiples serveis.<\/p>\n<!-- \/divi:paragraph -->\n\n<!-- divi:paragraph -->\n<p><a href=\"https:\/\/developers.google.com\/analytics\/devguides\/collection\/analyticsjs\/cookie-usage\">Google Analytics<\/a>: Les seves cookies (com ara _ga) permeten comptabilitzar les vegades que un usuari visita una web, com, quan i des d&#039;on ho fa.<\/p>\n<!-- \/divi:paragraph -->\n\n<!-- divi:paragraph -->\n<p>En qualsevol cas, podeu inhabilitar les galetes de Google Analytics des de<a href=\"https:\/\/tools.google.com\/dlpage\/gaoptout\">aqu\u00ed.<\/a><\/p>\n<!-- \/divi:paragraph -->[\/et_pb_text][\/et_pb_column] [\/et_pb_row] [\/et_pb_section]","protected":false},"excerpt":{"rendered":"<p>Pol\u00edtica de Cookies Darrera actualitzaci\u00f3: 29 d&#039;abril de 2021 Sumari Cookies usades: Pr\u00f2pies i de TercersS&#039;usen per obtenir estad\u00edstiques? S\u00ed, sent la base legal el nostre inter\u00e8s leg\u00edtim a realitzar una millor gesti\u00f3 del servei. Serveis de tercers que instal\u00b7len cookies a trav\u00e9s d&#039;aquest web: Google i Google Analytics. Com configurar i deshabilitar les cookies Pots permetre, bloquejar [\u2026]<\/p>","protected":false},"author":1,"featured_media":0,"parent":0,"menu_order":0,"comment_status":"closed","ping_status":"open","template":"page-template-blank.php","meta":{"_et_pb_use_builder":"on","_et_pb_old_content":"<!-- wp:paragraph -->\n<p><strong>Pol\u00edtica de Cookies<\/strong><\/p>\n<!-- \/wp:paragraph -->\n\n<!-- wp:paragraph -->\n<p><em>\u00daltima actualizaci\u00f3n:<\/em><em>&nbsp;29 de abril de 2021<\/em><\/p>\n<!-- \/wp:paragraph -->\n\n<!-- wp:paragraph -->\n<p><strong>Sumario<\/strong><\/p>\n<!-- \/wp:paragraph -->\n\n<!-- wp:list -->\n<ul><li>Cookies usadas:&nbsp;<strong>Propias y de Terceros<\/strong><\/li><li>\u00bfSe usan para obtener estad\u00edsticas?&nbsp;<strong>S\u00ed, siendo la base legal nuestro inter\u00e9s leg\u00edtimo en realizar una mejor gesti\u00f3n del servicio.<\/strong><\/li><li>Servicios de terceros que instalan cookies a trav\u00e9s de esta web:&nbsp;<strong>Google y Google Analytics.<\/strong><\/li><\/ul>\n<!-- \/wp:list -->\n\n<!-- wp:paragraph -->\n<p><strong>C\u00f3mo configurar y deshabilitar las cookies<\/strong><\/p>\n<!-- \/wp:paragraph -->\n\n<!-- wp:paragraph -->\n<p>Puedes permitir, bloquear o eliminar las cookies instaladas en tu dispositivo desde tu navegador web. Si no permites la instalaci\u00f3n de cookies en tu dispositivo, puede que la experiencia de navegaci\u00f3n empeore. A continuaci\u00f3n puedes encontrar c\u00f3mo configurar las cookies en cada navegador:<\/p>\n<!-- \/wp:paragraph -->\n\n<!-- wp:paragraph -->\n<p>\u2013<a href=\"http:\/\/windows.microsoft.com\/es-es\/windows-10\/edge-privacy-faq\">Edge<\/a><\/p>\n<!-- \/wp:paragraph -->\n\n<!-- wp:paragraph -->\n<p>\u2013<a href=\"https:\/\/support.google.com\/chrome\/answer\/95647?hl=es\">Google Chrome<\/a><\/p>\n<!-- \/wp:paragraph -->\n\n<!-- wp:paragraph -->\n<p>\u2013<a href=\"https:\/\/support.google.com\/chrome\/answer\/114662?hl=es&amp;visit_id=1-636664625754483085-1648636281&amp;rd=1&amp;co=GENIE.Platform%3DAndroid&amp;oco=1\">&nbsp;Google Android<\/a><\/p>\n<!-- \/wp:paragraph -->\n\n<!-- wp:paragraph -->\n<p>\u2013<a href=\"https:\/\/support.microsoft.com\/es-es\/help\/17442\/windows-internet-explorer-delete-manage-cookies\">&nbsp;Internet Explorer 8<\/a><\/p>\n<!-- \/wp:paragraph -->\n\n<!-- wp:paragraph -->\n<p>\u2013<a href=\"https:\/\/support.microsoft.com\/es-es\/help\/278835\/how-to-delete-cookie-files-in-internet-explorer\">&nbsp;Internet Explorer 9<\/a><\/p>\n<!-- \/wp:paragraph -->\n\n<!-- wp:paragraph -->\n<p>\u2013<a href=\"https:\/\/support.microsoft.com\/es-es\/help\/17442\/windows-internet-explorer-delete-manage-cookies#ie=ie-10\">&nbsp;Internet Explorer 11<\/a><\/p>\n<!-- \/wp:paragraph -->\n\n<!-- wp:paragraph -->\n<p>\u2013<a href=\"https:\/\/support.mozilla.org\/es\/kb\/habilitar-y-deshabilitar-cookies-que-los-sitios-we\">Mozilla Firefox<\/a><\/p>\n<!-- \/wp:paragraph -->\n\n<!-- wp:paragraph -->\n<p>\u2013<a href=\"https:\/\/help.opera.com\/en\/latest\/web-preferences\/#cookies\">&nbsp;Opera<\/a><\/p>\n<!-- \/wp:paragraph -->\n\n<!-- wp:paragraph -->\n<p>\u2013&nbsp;<a href=\"https:\/\/support.apple.com\/es-es\/guide\/safari\/sfri11471\/mac\">Safari<\/a><\/p>\n<!-- \/wp:paragraph -->\n\n<!-- wp:paragraph -->\n<p>\u2013<a href=\"https:\/\/support.apple.com\/es-es\/HT201265\">Safari Mobile<\/a><\/p>\n<!-- \/wp:paragraph -->\n\n<!-- wp:paragraph -->\n<p><strong>1.- Tipos y usos<\/strong><\/p>\n<!-- \/wp:paragraph -->\n\n<!-- wp:paragraph -->\n<p>El servicio usa cookies propias y de terceros para mejorar la navegaci\u00f3n, proporcionar el servicio y obtener estad\u00edsticas sobre el uso de la p\u00e1gina web.<\/p>\n<!-- \/wp:paragraph -->\n\n<!-- wp:paragraph -->\n<p><strong>2.- \u00bfQu\u00e9 es una cookie y para qu\u00e9 sirve?<\/strong><\/p>\n<!-- \/wp:paragraph -->\n\n<!-- wp:paragraph -->\n<p>Una cookie es un fichero de texto que se env\u00eda al navegador web de tu ordenador, m\u00f3vil o tablet y que sirve para almacenar y recuperar informaci\u00f3n sobre la navegaci\u00f3n realizada. Por ejemplo, recordar tu nombre de usuario y contrase\u00f1a o las preferencias de tu perfil.<\/p>\n<!-- \/wp:paragraph -->\n\n<!-- wp:paragraph -->\n<p><strong>3.- \u00bfQu\u00e9 tipos de cookies hay?<\/strong><\/p>\n<!-- \/wp:paragraph -->\n\n<!-- wp:paragraph -->\n<p>Seg\u00fan qui\u00e9n las gestiona:<\/p>\n<!-- \/wp:paragraph -->\n\n<!-- wp:list -->\n<ul><li>Cookies propias; se env\u00edan a tu navegador desde nuestros equipos o dominios web.<\/li><li>Cookies de terceros; se env\u00edan a tu navegador desde un equipo o dominio web que no gestionamos nosotros directamente, sino una tercera entidad como por ejemplo Google.<\/li><\/ul>\n<!-- \/wp:list -->\n\n<!-- wp:paragraph -->\n<p>En funci\u00f3n del tiempo que est\u00e1n activas, hay:<\/p>\n<!-- \/wp:paragraph -->\n\n<!-- wp:list -->\n<ul><li>Cookies de sesi\u00f3n; permanecen en el archivo de cookies de tu navegador hasta que abandonas la p\u00e1gina web, de modo que ninguna queda en tu dispositivo.<\/li><li>Cookies persistentes; permanecen en tu dispositivo y nuestra web las lee cada vez que realizas una nueva visita. Estas cookies dejan de funcionar pasada una fecha concreta.<\/li><\/ul>\n<!-- \/wp:list -->\n\n<!-- wp:paragraph -->\n<p>Finalmente, y seg\u00fan su finalidad, tenemos:<\/p>\n<!-- \/wp:paragraph -->\n\n<!-- wp:list -->\n<ul><li>Cookies t\u00e9cnicas; mejoran la navegaci\u00f3n y el buen funcionamiento de la web.<\/li><li>Cookies de personalizaci\u00f3n; permiten acceder al servicio con unas caracter\u00edsticas predefinidas en funci\u00f3n de una serie de criterios.<\/li><li>Cookies de an\u00e1lisis; permiten medir y analizar estad\u00edsticamente el uso que se hace del servicio prestado.<\/li><\/ul>\n<!-- \/wp:list -->\n\n<!-- wp:paragraph -->\n<p>Cookies usadas por Level Training:<\/p>\n<!-- \/wp:paragraph -->\n\n<!-- wp:table -->\n<figure class=\"wp-block-table\"><table><tbody><tr><td><strong>Nombre<\/strong><\/td><td><strong>Origen<\/strong><\/td><td><strong>Finalidad<\/strong><\/td><td><strong>Tipo<\/strong><\/td><td><strong>Caducidad<\/strong><\/td><\/tr><tr><td>_ga<\/td><td>________<\/td><td>Anal\u00edtica (rendimiento)<\/td><td>Propia<\/td><td>2 a\u00f1os<\/td><\/tr><tr><td>_gid<\/td><td>________<\/td><td>Anal\u00edtica (funcionalidad)<\/td><td>Propia<\/td><td>1 d\u00eda<\/td><\/tr><tr><td>_gat<\/td><td>________<\/td><td>Anal\u00edtica (rendimiento)<\/td><td>Propia<\/td><td>Sesi\u00f3n<\/td><\/tr><\/tbody><\/table><\/figure>\n<!-- \/wp:table -->\n\n<!-- wp:paragraph -->\n<p>Lista de cookies de tercero usadas por Level Training:<\/p>\n<!-- \/wp:paragraph -->\n\n<!-- wp:paragraph -->\n<p><a href=\"http:\/\/www.google.com\/policies\/privacy\/\">Google<\/a>: Sus cookies (NID o CONSENT) permiten personalizar c\u00f3mo se ven anuncios fuera de Google o almacenar informaci\u00f3n como el idioma preferido a la hora de mostrar resultados de b\u00fasqueda.<\/p>\n<!-- \/wp:paragraph -->\n\n<!-- wp:paragraph -->\n<p><a href=\"https:\/\/www.google.com\/policies\/technologies\/types\/\">M\u00e1s informaci\u00f3n<\/a>&nbsp;sobre los tipos de cookies que usa Google en sus m\u00faltiples servicios.<\/p>\n<!-- \/wp:paragraph -->\n\n<!-- wp:paragraph -->\n<p><a href=\"https:\/\/developers.google.com\/analytics\/devguides\/collection\/analyticsjs\/cookie-usage\">Google Analytics<\/a>: Sus cookies (como por ejemplo _ga) permiten contabilizar las veces que un usuario visita una web, c\u00f3mo, cu\u00e1ndo y desde d\u00f3nde lo hace.<\/p>\n<!-- \/wp:paragraph -->\n\n<!-- wp:paragraph -->\n<p>En cualquier caso, puedes inhabilitar las cookies de Google Analytics desde<a href=\"https:\/\/tools.google.com\/dlpage\/gaoptout\">aqu\u00ed.<\/a><\/p>\n<!-- \/wp:paragraph -->","_et_gb_content_width":"","_eb_attr":"","_uag_custom_page_level_css":"","footnotes":""},"class_list":["post-3","page","type-page","status-publish","hentry"],"uagb_featured_image_src":{"full":false,"thumbnail":false,"medium":false,"medium_large":false,"large":false,"1536x1536":false,"2048x2048":false,"trp-custom-language-flag":false,"et-pb-post-main-image":false,"et-pb-post-main-image-fullwidth":false,"et-pb-portfolio-image":false,"et-pb-portfolio-module-image":false,"et-pb-portfolio-image-single":false,"et-pb-gallery-module-image-portrait":false,"et-pb-post-main-image-fullwidth-large":false,"et-pb-image--responsive--desktop":false,"et-pb-image--responsive--tablet":false,"et-pb-image--responsive--phone":false},"uagb_author_info":{"display_name":"carlosalonso","author_link":"https:\/\/www.ecorallyemallorca.com\/ca\/author\/carlosalonso\/"},"uagb_comment_info":0,"uagb_excerpt":"Pol\u00edtica de Cookies \u00daltima actualizaci\u00f3n:&nbsp;29 de abril de 2021 Sumario Cookies usadas:&nbsp;Propias y de Terceros\u00bfSe usan para obtener estad\u00edsticas?&nbsp;S\u00ed, siendo la base legal nuestro inter\u00e9s leg\u00edtimo en realizar una mejor gesti\u00f3n del servicio.Servicios de terceros que instalan cookies a trav\u00e9s de esta web:&nbsp;Google y Google Analytics. C\u00f3mo configurar y deshabilitar las cookies Puedes permitir, bloquear&hellip;","_links":{"self":[{"href":"https:\/\/www.ecorallyemallorca.com\/ca\/wp-json\/wp\/v2\/pages\/3","targetHints":{"allow":["GET"]}}],"collection":[{"href":"https:\/\/www.ecorallyemallorca.com\/ca\/wp-json\/wp\/v2\/pages"}],"about":[{"href":"https:\/\/www.ecorallyemallorca.com\/ca\/wp-json\/wp\/v2\/types\/page"}],"author":[{"embeddable":true,"href":"https:\/\/www.ecorallyemallorca.com\/ca\/wp-json\/wp\/v2\/users\/1"}],"replies":[{"embeddable":true,"href":"https:\/\/www.ecorallyemallorca.com\/ca\/wp-json\/wp\/v2\/comments?post=3"}],"version-history":[{"count":0,"href":"https:\/\/www.ecorallyemallorca.com\/ca\/wp-json\/wp\/v2\/pages\/3\/revisions"}],"wp:attachment":[{"href":"https:\/\/www.ecorallyemallorca.com\/ca\/wp-json\/wp\/v2\/media?parent=3"}],"curies":[{"name":"wp","href":"https:\/\/api.w.org\/{rel}","templated":true}]}}