{"id":488,"date":"2023-02-20T12:21:30","date_gmt":"2023-02-20T12:21:30","guid":{"rendered":"https:\/\/www.ecorallyemallorca.com\/?page_id=488"},"modified":"2024-01-25T13:25:23","modified_gmt":"2024-01-25T13:25:23","slug":"edicion-2022","status":"publish","type":"page","link":"https:\/\/www.ecorallyemallorca.com\/ca\/archivo\/edicion-2022\/","title":{"rendered":"Eco Ral\u00b7li Mallorca 2022"},"content":{"rendered":"<p>[et_pb_section fb_built=\u00bb1&#8243; _builder_version=\u00bb4.23.1&#8243; _module_preset=\u00bbdefault\u00bb custom_padding=\u00bb26px||0px||false|false\u00bb hover_enabled=\u00bb0&#8243; global_colors_info=\u00bb{}\u00bb sticky_enabled=\u00bb0&#8243;][et_pb_row _builder_version=\u00bb4.17.4&#8243; _module_preset=\u00bbdefault\u00bb custom_padding=\u00bb15px||8px|||\u00bb global_colors_info=\u00bb{}\u00bb][et_pb_column type=\u00bb4_4&#8243; _builder_version=\u00bb4.17.4&#8243; _module_preset=\u00bbdefault\u00bb global_colors_info=\u00bb{}\u00bb][et_pb_text _builder_version=\u00bb4.19.5&#8243; _module_preset=\u00bbdefault\u00bb header_font=\u00bb|700|||||||\u00bb header_text_align=\u00bbcenter\u00bb header_text_color=\u00bbgcid-0a1aa8e8-aa8a-41c3-ac08-6a75d86c50aa\u00bb header_2_font=\u00bb|700|||||||\u00bb header_2_text_color=\u00bbgcid-0a1aa8e8-aa8a-41c3-ac08-6a75d86c50aa\u00bb global_colors_info=\u00bb{%22gcid-0a1aa8e8-aa8a-41c3-ac08-6a75d86c50aa%22:%91%22header_text_color%22,%22header_2_text_color%22%93}\u00bb]<\/p>\n<h1>ECO RALLYE MALLORCA 2022<\/h1>\n<p>[\/et_pb_text][\/et_pb_column][\/et_pb_row][\/et_pb_section][et_pb_section fb_built=\u00bb1&#8243; _builder_version=\u00bb4.23.1&#8243; _module_preset=\u00bbdefault\u00bb use_background_color_gradient=\u00bbon\u00bb background_color_gradient_direction=\u00bb1deg\u00bb background_color_gradient_stops=\u00bb#ffffff 0%|rgba(0,130,202,0.45) 68%|#ffffff 100%\u00bb background_enable_image=\u00bboff\u00bb background_enable_video_mp4=\u00bboff\u00bb background_enable_video_webm=\u00bboff\u00bb top_divider_style=\u00bbasymmetric\u00bb top_divider_color=\u00bbrgba(70,112,219,0.67)\u00bb bottom_divider_style=\u00bbasymmetric3&#8243; bottom_divider_color=\u00bbrgba(70,112,219,0.39)\u00bb background_color_phone=\u00bb#FFFFFF\u00bb background_last_edited=\u00bbon|phone\u00bb background_enable_color_phone=\u00bbon\u00bb global_colors_info=\u00bb{}\u00bb][et_pb_row _builder_version=\u00bb4.16&#8243; _module_preset=\u00bbdefault\u00bb global_colors_info=\u00bb{}\u00bb][et_pb_column type=\u00bb4_4&#8243; _builder_version=\u00bb4.16&#8243; _module_preset=\u00bbdefault\u00bb global_colors_info=\u00bb{}\u00bb][et_pb_image src=\u00bbhttps:\/\/www.ecorallyemallorca.com\/wp-content\/uploads\/2022\/05\/PLACA-ECO-RALLY-MALLORCA-2022.png\u00bb alt=\u00bbEco Rally Mallorca\u00bb title_text=\u00bbPLACA ECO RALLY MALLORCA 2022&#8243; _builder_version=\u00bb4.19.5&#8243; _module_preset=\u00bbdefault\u00bb width=\u00bb60%\u00bb module_alignment=\u00bbcenter\u00bb global_colors_info=\u00bb{}\u00bb transform_styles__hover_enabled=\u00bbon|hover\u00bb transform_scale__hover_enabled=\u00bbon|hover\u00bb transform_translate__hover_enabled=\u00bbon|desktop\u00bb transform_rotate__hover_enabled=\u00bbon|desktop\u00bb transform_skew__hover_enabled=\u00bbon|desktop\u00bb transform_origin__hover_enabled=\u00bbon|desktop\u00bb transform_scale__hover=\u00bb109%|109%\u00bb][\/et_pb_image][\/et_pb_column][\/et_pb_row][et_pb_row column_structure=\u00bb1_3,1_3,1_3&#8243; disabled_on=\u00bboff|off|off\u00bb _builder_version=\u00bb4.23.1&#8243; _module_preset=\u00bbdefault\u00bb background_enable_color=\u00bboff\u00bb border_color_bottom=\u00bbgcid-85fd2276-9fb4-4b36-8576-4f215a56ea5d\u00bb global_colors_info=\u00bb{%22gcid-85fd2276-9fb4-4b36-8576-4f215a56ea5d%22:%91%22border_color_bottom%22%93}\u00bb][et_pb_column type=\u00bb1_3&#8243; _builder_version=\u00bb4.16&#8243; _module_preset=\u00bbdefault\u00bb global_colors_info=\u00bb{}\u00bb][et_pb_button button_url=\u00bb\/documentacion\/\u00bb button_text=\u00bbDOCUMENTACI\u00d3N\u00bb button_alignment=\u00bbcenter\u00bb _builder_version=\u00bb4.23.1&#8243; _module_preset=\u00bbdefault\u00bb custom_button=\u00bbon\u00bb button_text_size=\u00bb18px\u00bb button_text_color=\u00bb#FFFFFF\u00bb button_bg_color=\u00bb#0082c8&#8243; button_border_color=\u00bb#FFFFFF\u00bb button_border_radius=\u00bb20px\u00bb button_letter_spacing=\u00bb4px\u00bb button_icon=\u00bb&#xf56f;||fa||900&#8243; button_icon_color=\u00bb#FFFFFF\u00bb global_colors_info=\u00bb{}\u00bb][\/et_pb_button][\/et_pb_column][et_pb_column type=\u00bb1_3&#8243; _builder_version=\u00bb4.16&#8243; _module_preset=\u00bbdefault\u00bb global_colors_info=\u00bb{}\u00bb][et_pb_button button_url=\u00bbhttps:\/\/webapp.sportity.com\/channel\/PASQ22#\u00bb button_text=\u00bbTABL\u00d3N DE ANUNCIOS\u00bb button_alignment=\u00bbcenter\u00bb _builder_version=\u00bb4.23.1&#8243; _module_preset=\u00bbdefault\u00bb custom_button=\u00bbon\u00bb button_text_size=\u00bb18px\u00bb button_text_color=\u00bb#FFFFFF\u00bb button_bg_color=\u00bb#0082c8&#8243; button_border_color=\u00bb#FFFFFF\u00bb button_border_radius=\u00bb20px\u00bb button_letter_spacing=\u00bb4px\u00bb button_icon=\u00bb&#xf56f;||fa||900&#8243; button_icon_color=\u00bb#FFFFFF\u00bb global_colors_info=\u00bb{}\u00bb][\/et_pb_button][\/et_pb_column][et_pb_column type=\u00bb1_3&#8243; _builder_version=\u00bb4.16&#8243; _module_preset=\u00bbdefault\u00bb global_colors_info=\u00bb{}\u00bb][et_pb_button button_url=\u00bbhttps:\/\/www.tiempos.info\/ecomallorca2022.html\u00bb button_text=\u00bbTIEMPOS\u00bb button_alignment=\u00bbcenter\u00bb _builder_version=\u00bb4.23.1&#8243; _module_preset=\u00bbdefault\u00bb custom_button=\u00bbon\u00bb button_text_size=\u00bb18px\u00bb button_text_color=\u00bb#FFFFFF\u00bb button_bg_color=\u00bb#0082c8&#8243; button_border_color=\u00bb#FFFFFF\u00bb button_border_radius=\u00bb20px\u00bb button_letter_spacing=\u00bb4px\u00bb button_icon=\u00bb&#xf56f;||fa||900&#8243; button_icon_color=\u00bb#FFFFFF\u00bb global_colors_info=\u00bb{}\u00bb][\/et_pb_button][\/et_pb_column][\/et_pb_row][et_pb_row column_structure=\u00bb1_2,1_2&#8243; use_custom_gutter=\u00bbon\u00bb gutter_width=\u00bb2&#8243; make_equal=\u00bbon\u00bb _builder_version=\u00bb4.16&#8243; _module_preset=\u00bbdefault\u00bb max_width=\u00bb100%\u00bb global_colors_info=\u00bb{}\u00bb][et_pb_column type=\u00bb1_2&#8243; _builder_version=\u00bb4.16&#8243; _module_preset=\u00bbdefault\u00bb global_colors_info=\u00bb{}\u00bb][et_pb_video src=\u00bbhttps:\/\/www.youtube.com\/watch?v=nz8hS9-_fmc&#038;t=1s&#038;ab_channel=eMallorcaExperienceWeek\u00bb _builder_version=\u00bb4.23.1&#8243; _module_preset=\u00bbdefault\u00bb transform_translate_linked__hover=\u00bboff\u00bb border_radii=\u00bbon|20px|20px|20px|20px\u00bb global_colors_info=\u00bb{}\u00bb transform_styles__hover_enabled=\u00bbon|hover\u00bb transform_scale__hover_enabled=\u00bbon|desktop\u00bb transform_translate__hover_enabled=\u00bbon|hover\u00bb transform_rotate__hover_enabled=\u00bbon|desktop\u00bb transform_skew__hover_enabled=\u00bbon|desktop\u00bb transform_origin__hover_enabled=\u00bbon|desktop\u00bb transform_translate__hover=\u00bb0px|-15px\u00bb][\/et_pb_video][\/et_pb_column][et_pb_column type=\u00bb1_2&#8243; _builder_version=\u00bb4.16&#8243; _module_preset=\u00bbdefault\u00bb global_colors_info=\u00bb{}\u00bb][et_pb_video src=\u00bbhttps:\/\/www.youtube.com\/watch?v=QgerlrdxdQg&#038;ab_channel=eMallorcaExperienceWeek\u00bb _builder_version=\u00bb4.23.1&#8243; _module_preset=\u00bbdefault\u00bb transform_translate_linked__hover=\u00bboff\u00bb border_radii=\u00bbon|20px|20px|20px|20px\u00bb global_colors_info=\u00bb{}\u00bb transform_styles__hover_enabled=\u00bbon|hover\u00bb transform_scale__hover_enabled=\u00bbon|desktop\u00bb transform_translate__hover_enabled=\u00bbon|hover\u00bb transform_rotate__hover_enabled=\u00bbon|desktop\u00bb transform_skew__hover_enabled=\u00bbon|desktop\u00bb transform_origin__hover_enabled=\u00bbon|desktop\u00bb transform_translate__hover=\u00bb0px|-10px\u00bb][\/et_pb_video][\/et_pb_column][\/et_pb_row][\/et_pb_section][et_pb_section fb_built=\u00bb1&#8243; _builder_version=\u00bb4.16&#8243; _module_preset=\u00bbdefault\u00bb custom_padding=\u00bb||1px|||\u00bb locked=\u00bboff\u00bb global_colors_info=\u00bb{}\u00bb][et_pb_row _builder_version=\u00bb4.16&#8243; _module_preset=\u00bbdefault\u00bb custom_padding=\u00bb7px||7px|||\u00bb global_colors_info=\u00bb{}\u00bb][et_pb_column type=\u00bb4_4&#8243; _builder_version=\u00bb4.16&#8243; _module_preset=\u00bbdefault\u00bb global_colors_info=\u00bb{}\u00bb][et_pb_text _builder_version=\u00bb4.16&#8243; _module_preset=\u00bbdefault\u00bb header_font=\u00bb|300|||||||\u00bb header_text_color=\u00bb#0082CB\u00bb header_font_size=\u00bb34px\u00bb header_text_align_tablet=\u00bb\u00bb header_text_align_phone=\u00bbjustify\u00bb header_text_align_last_edited=\u00bbon|desktop\u00bb header_font_size_tablet=\u00bb28px\u00bb header_font_size_phone=\u00bb21px\u00bb header_font_size_last_edited=\u00bbon|phone\u00bb global_colors_info=\u00bb{}\u00bb]<\/p>\n<h1><span>dintre del marc global <strong>eMallorca Challenge,<\/strong> el passat juny es va celebrar <strong>el primer Eco Rallye Mallorca.<\/strong><\/span><\/h1>\n<p>[\/et_pb_text][\/et_pb_column][\/et_pb_row][et_pb_row column_structure=&quot;1_2,1_2&quot; _builder_version=&quot;4.16&quot; _module_preset=&quot;default&quot; width=&quot;65%&quot; module_alignment= custom_padding=&quot;0px||0px||false|false&quot; global_colors_info=&quot;{}&quot;][et_pb_column type=&quot;1_2&quot; _builder_version=&quot;4.16&quot; _module_preset=&quot;default&quot; global_colors_info=&quot;_}_}_][et_pb_text _module_preset=&quot;default&quot; text_font_size=&quot;16px&quot; custom_margin=&quot;0px||0px||false|false&quot; custom_padding=&quot;0px||0px||false|false&quot; global_colors_info=\u00bb{}\u00bb]<\/p>\n<p>En aquest esdeveniment esportiu van participar diferents equips amb vehicles h\u00edbrids i el\u00e8ctrics amb pilot i copilot i la competici\u00f3 mesura la regularitat en trams designats per l'organitzaci\u00f3 i el consum de cadascun dels vehicles.<\/p>\n<p>La jornada va estar formada per una etapa i dues seccions, un recorregut de 140km on els participants van rec\u00f3rrer les carreteres principals de l'illa.<\/p>\n<p>&nbsp;<\/p>\n<p>[\/et_pb_text][\/et_pb_column][et_pb_column type=&quot;1_2&quot; _builder_version=&quot;4.16&quot; _module_preset=&quot;default&quot; global_colors_info=&quot;{}&quot;][et_pb_text _builder_version=&quot;4.16&quot; _module text_font_size=\u00bb16px\u00bb global_colors_info=\u00bb{}\u00bb]<\/p>\n<div>\n<p>El recorregut va haver de ser executat en els temps marcats pel carnet de ruta, amb una velocitat mitjana sempre inferior a 50km\/hora i amb un interval entre cada equip de 60 segons, posant a prova la per\u00edcia dels pilots.<\/p>\n<p>El primer EcoRallye Mallorca va esdevenir l'aparador perfecte per als amants del motorsport i la sostenibilitat que mostra l'illa de Mallorca des d'una perspectiva m\u00e9s ecol\u00f2gica.<\/p>\n<\/div>\n<p>[\/et_pb_text][\/et_pb_column][\/et_pb_row][et_pb_row _builder_version=\u00bb4.16\u2033 _module_preset=\u00bbdefault\u00bb custom_padding=\u00bb||4px|||\u00bb global_colors_info=&quot;{}&quot;][et_pb_column type=&quot;4_4&quot; _builder_version=&quot;4.16&quot; _module_preset=&quot;default&quot; global_colors_info=&quot;{}&quot;][et_pb_text _builder_version=&quot;4.16&quot; _module_preset=\u00bb header_6_text_color=\u00bb#0082CB\u00bb header_6_font_size=\u00bb22px\u00bb global_colors_info=\u00bb{}\u00bb]<\/p>\n<h6>Tu tamb\u00e9 vols accelerar el canvi? Uneix-te a aquesta experi\u00e8ncia!<\/h6>\n<p>[\/et_pb_text][\/et_pb_column][\/et_pb_row][et_pb_row _builder_version=&quot;4.16&quot; _module_preset=&quot;default&quot; global_colors_info=&quot;{}&quot;][et_pb_column type=&quot;4_4&quot; _builder_version=\u00bb. global_colors_info=\u00bb{}\u00bb][et_pb_video src=\u00bbhttps:\/\/www.youtube.com\/watch?v=luRQMvMmvLQ&amp;t=2757s&amp;ab_channel=eMallorcaExperienceWeek\u00bb _builder_version=\u00bb4.23.1\u2033 _module border_radii=\u00bbon|20px|20px|20px|20px\u00bb global_colors_info=\u00bb{}\u00bb][\/et_pb_video][\/et_pb_column][\/et_pb_row][\/et_pb_section]<\/p>","protected":false},"excerpt":{"rendered":"<p>ECO RALLYE MALLORCA 2022Dins del marc global eMallorca Challenge, el juny passat es va celebrar el primer Eco Rallye Mallorca.<\/p>","protected":false},"author":1,"featured_media":0,"parent":562,"menu_order":0,"comment_status":"closed","ping_status":"closed","template":"","meta":{"_et_pb_use_builder":"on","_et_pb_old_content":"","_et_gb_content_width":"","_eb_attr":"","_uag_custom_page_level_css":"","footnotes":""},"class_list":["post-488","page","type-page","status-publish","hentry"],"uagb_featured_image_src":{"full":false,"thumbnail":false,"medium":false,"medium_large":false,"large":false,"1536x1536":false,"2048x2048":false,"trp-custom-language-flag":false,"et-pb-post-main-image":false,"et-pb-post-main-image-fullwidth":false,"et-pb-portfolio-image":false,"et-pb-portfolio-module-image":false,"et-pb-portfolio-image-single":false,"et-pb-gallery-module-image-portrait":false,"et-pb-post-main-image-fullwidth-large":false,"et-pb-image--responsive--desktop":false,"et-pb-image--responsive--tablet":false,"et-pb-image--responsive--phone":false},"uagb_author_info":{"display_name":"carlosalonso","author_link":"https:\/\/www.ecorallyemallorca.com\/ca\/author\/carlosalonso\/"},"uagb_comment_info":0,"uagb_excerpt":"ECO RALLYE MALLORCA 2022Dentro del marco global eMallorca Challenge, el pasado junio se celebr\u00f3 el primer Eco Rallye Mallorca.En este evento deportivo participaron diferentes equipos con sus veh\u00edculos h\u00edbridos y el\u00e9ctricos con piloto y copiloto y la competici\u00f3n mide la regularidad en tramos designados por la organizaci\u00f3n y el consumo de cada uno de los&hellip;","_links":{"self":[{"href":"https:\/\/www.ecorallyemallorca.com\/ca\/wp-json\/wp\/v2\/pages\/488","targetHints":{"allow":["GET"]}}],"collection":[{"href":"https:\/\/www.ecorallyemallorca.com\/ca\/wp-json\/wp\/v2\/pages"}],"about":[{"href":"https:\/\/www.ecorallyemallorca.com\/ca\/wp-json\/wp\/v2\/types\/page"}],"author":[{"embeddable":true,"href":"https:\/\/www.ecorallyemallorca.com\/ca\/wp-json\/wp\/v2\/users\/1"}],"replies":[{"embeddable":true,"href":"https:\/\/www.ecorallyemallorca.com\/ca\/wp-json\/wp\/v2\/comments?post=488"}],"version-history":[{"count":9,"href":"https:\/\/www.ecorallyemallorca.com\/ca\/wp-json\/wp\/v2\/pages\/488\/revisions"}],"predecessor-version":[{"id":782,"href":"https:\/\/www.ecorallyemallorca.com\/ca\/wp-json\/wp\/v2\/pages\/488\/revisions\/782"}],"up":[{"embeddable":true,"href":"https:\/\/www.ecorallyemallorca.com\/ca\/wp-json\/wp\/v2\/pages\/562"}],"wp:attachment":[{"href":"https:\/\/www.ecorallyemallorca.com\/ca\/wp-json\/wp\/v2\/media?parent=488"}],"curies":[{"name":"wp","href":"https:\/\/api.w.org\/{rel}","templated":true}]}}