{"id":3,"date":"2021-05-07T08:52:48","date_gmt":"2021-05-07T08:52:48","guid":{"rendered":"https:\/\/www.ecorallyemallorca.com\/?page_id=3"},"modified":"2021-12-18T12:16:24","modified_gmt":"2021-12-18T12:16:24","slug":"politica","status":"publish","type":"page","link":"https:\/\/www.ecorallyemallorca.com\/en\/politica\/","title":{"rendered":"Privacy policy"},"content":{"rendered":"[et_pb_section admin_label=\u00bbsection\u00bb] [et_pb_row admin_label=\u00bbrow\u00bb] [et_pb_column type=\u00bb4_4\u2033][et_pb_text admin_label=\u00bbText\u00bb]<!-- divi:paragraph -->\n<p><strong>Cookie Policy<\/strong><\/p>\n<!-- \/divi:paragraph -->\n\n<!-- divi:paragraph -->\n<p><em>Last update:<\/em><em>&nbsp;April 29, 2021<\/em><\/p>\n<!-- \/divi:paragraph -->\n\n<!-- divi:paragraph -->\n<p><strong>Summary<\/strong><\/p>\n<!-- \/divi:paragraph -->\n\n<!-- divi:list -->\n<ul><li>Cookies used:&nbsp;<strong>Own and Third Parties<\/strong><\/li><li>Are they used to obtain statistics?&nbsp;<strong>Yes, the legal basis being our legitimate interest in better managing the service.<\/strong><\/li><li>Third party services that install cookies through this website:&nbsp;<strong>Google and Google Analytics.<\/strong><\/li><\/ul>\n<!-- \/divi:list -->\n\n<!-- divi:paragraph -->\n<p><strong>How to configure and disable cookies<\/strong><\/p>\n<!-- \/divi:paragraph -->\n\n<!-- divi:paragraph -->\n<p>You can allow, block or delete cookies installed on your device from your web browser. If you do not allow cookies to be installed on your device, your browsing experience may be worse. Below you can find out how to configure cookies in each browser:<\/p>\n<!-- \/divi:paragraph -->\n\n<!-- divi:paragraph -->\n<p>\u2013<a href=\"http:\/\/windows.microsoft.com\/es-es\/windows-10\/edge-privacy-faq\">Edge<\/a><\/p>\n<!-- \/divi:paragraph -->\n\n<!-- divi:paragraph -->\n<p>\u2013<a href=\"https:\/\/support.google.com\/chrome\/answer\/95647?hl=es\">Google Chrome<\/a><\/p>\n<!-- \/divi:paragraph -->\n\n<!-- divi:paragraph -->\n<p>\u2013<a href=\"https:\/\/support.google.com\/chrome\/answer\/114662?hl=es&amp;visit_id=1-636664625754483085-1648636281&amp;rd=1&amp;co=GENIE.Platform%3DAndroid&amp;oco=1\">&nbsp;Google Android<\/a><\/p>\n<!-- \/divi:paragraph -->\n\n<!-- divi:paragraph -->\n<p>\u2013<a href=\"https:\/\/support.microsoft.com\/es-es\/help\/17442\/windows-internet-explorer-delete-manage-cookies\">&nbsp;Internet Explorer 8<\/a><\/p>\n<!-- \/divi:paragraph -->\n\n<!-- divi:paragraph -->\n<p>\u2013<a href=\"https:\/\/support.microsoft.com\/es-es\/help\/278835\/how-to-delete-cookie-files-in-internet-explorer\">&nbsp;Internet Explorer 9<\/a><\/p>\n<!-- \/divi:paragraph -->\n\n<!-- divi:paragraph -->\n<p>\u2013<a href=\"https:\/\/support.microsoft.com\/es-es\/help\/17442\/windows-internet-explorer-delete-manage-cookies#ie=ie-10\">&nbsp;Internet Explorer 11<\/a><\/p>\n<!-- \/divi:paragraph -->\n\n<!-- divi:paragraph -->\n<p>\u2013<a href=\"https:\/\/support.mozilla.org\/es\/kb\/habilitar-y-deshabilitar-cookies-que-los-sitios-we\">Mozilla Firefox<\/a><\/p>\n<!-- \/divi:paragraph -->\n\n<!-- divi:paragraph -->\n<p>\u2013<a href=\"https:\/\/help.opera.com\/en\/latest\/web-preferences\/#cookies\">&nbsp;Opera<\/a><\/p>\n<!-- \/divi:paragraph -->\n\n<!-- divi:paragraph -->\n<p>\u2013&nbsp;<a href=\"https:\/\/support.apple.com\/es-es\/guide\/safari\/sfri11471\/mac\">Safari<\/a><\/p>\n<!-- \/divi:paragraph -->\n\n<!-- divi:paragraph -->\n<p>\u2013<a href=\"https:\/\/support.apple.com\/es-es\/HT201265\">Safari Mobile<\/a><\/p>\n<!-- \/divi:paragraph -->\n\n<!-- divi:paragraph -->\n<p><strong>1.- Types and uses<\/strong><\/p>\n<!-- \/divi:paragraph -->\n\n<!-- divi:paragraph -->\n<p>The service uses its own and third-party cookies to improve navigation, provide the service and obtain statistics on the use of the website.<\/p>\n<!-- \/divi:paragraph -->\n\n<!-- divi:paragraph -->\n<p><strong>2.- What is a cookie and what is it used for?<\/strong><\/p>\n<!-- \/divi:paragraph -->\n\n<!-- divi:paragraph -->\n<p>A cookie is a text file that is sent to the web browser of your computer, mobile phone or tablet and is used to store and retrieve information about your browsing. For example, remembering your username and password or your profile preferences.<\/p>\n<!-- \/divi:paragraph -->\n\n<!-- divi:paragraph -->\n<p><strong>3.- What types of cookies are there?<\/strong><\/p>\n<!-- \/divi:paragraph -->\n\n<!-- divi:paragraph -->\n<p>According to who manages them:<\/p>\n<!-- \/divi:paragraph -->\n\n<!-- divi:list -->\n<ul><li>Own cookies; they are sent to your browser from our computers or web domains.<\/li><li>Third-party cookies: These are sent to your browser from a computer or web domain that is not managed directly by us, but by a third party such as Google.<\/li><\/ul>\n<!-- \/divi:list -->\n\n<!-- divi:paragraph -->\n<p>Depending on the time they are active, there are:<\/p>\n<!-- \/divi:paragraph -->\n\n<!-- divi:list -->\n<ul><li>Session cookies: These remain in your browser&#039;s cookie file until you leave the website, so none are left on your device.<\/li><li>Persistent cookies: these remain on your device and are read by our website each time you visit it again. These cookies stop working after a specific date.<\/li><\/ul>\n<!-- \/divi:list -->\n\n<!-- divi:paragraph -->\n<p>Finally, and according to their purpose, we have:<\/p>\n<!-- \/divi:paragraph -->\n\n<!-- divi:list -->\n<ul><li>Technical cookies; they improve navigation and the proper functioning of the website.<\/li><li>Personalization cookies: These allow you to access the service with predefined characteristics based on a series of criteria.<\/li><li>Analytical cookies; they allow the measurement and statistical analysis of the use made of the service provided.<\/li><\/ul>\n<!-- \/divi:list -->\n\n<!-- divi:paragraph -->\n<p>Cookies used by Level Training:<\/p>\n<!-- \/divi:paragraph -->\n\n<!-- divi:table -->\n<figure class=\"wp-block-table\"><table><tbody><tr><td><strong>Name<\/strong><\/td><td><strong>Origin<\/strong><\/td><td><strong>Purpose<\/strong><\/td><td><strong>Guy<\/strong><\/td><td><strong>Expiration<\/strong><\/td><\/tr><tr><td>_ga<\/td><td>________<\/td><td>Analytics (performance)<\/td><td>Own<\/td><td>2 years<\/td><\/tr><tr><td>_gid<\/td><td>________<\/td><td>Analytics (functionality)<\/td><td>Own<\/td><td>1 day<\/td><\/tr><tr><td>_gat<\/td><td>________<\/td><td>Analytics (performance)<\/td><td>Own<\/td><td>Session<\/td><\/tr><\/tbody><\/table><\/figure>\n<!-- \/divi:table -->\n\n<!-- divi:paragraph -->\n<p>List of third-party cookies used by Level Training:<\/p>\n<!-- \/divi:paragraph -->\n\n<!-- divi:paragraph -->\n<p><a href=\"http:\/\/www.google.com\/policies\/privacy\/\">Google<\/a>: Their cookies (NID or CONSENT) allow you to customize how ads are displayed outside of Google or store information such as your preferred language when displaying search results.<\/p>\n<!-- \/divi:paragraph -->\n\n<!-- divi:paragraph -->\n<p><a href=\"https:\/\/www.google.com\/policies\/technologies\/types\/\">More information<\/a>&nbsp;about the types of cookies that Google uses in its multiple services.<\/p>\n<!-- \/divi:paragraph -->\n\n<!-- divi:paragraph -->\n<p><a href=\"https:\/\/developers.google.com\/analytics\/devguides\/collection\/analyticsjs\/cookie-usage\">Google Analytics<\/a>: Their cookies (such as _ga) allow us to count the number of times a user visits a website, how, when and from where they do so.<\/p>\n<!-- \/divi:paragraph -->\n\n<!-- divi:paragraph -->\n<p>In any case, you can disable Google Analytics cookies from<a href=\"https:\/\/tools.google.com\/dlpage\/gaoptout\">here.<\/a><\/p>\n<!-- \/divi:paragraph -->[\/et_pb_text][\/et_pb_column] [\/et_pb_row] [\/et_pb_section]","protected":false},"excerpt":{"rendered":"<p>Cookie Policy Last updated: April 29, 2021 Summary Cookies used: First-party and third-party cookies. Are they used to obtain statistics? Yes, the legal basis being our legitimate interest in better managing the service. Third-party services that install cookies through this website: Google and Google Analytics. How to configure and disable cookies. You can allow, block [\u2026]<\/p>","protected":false},"author":1,"featured_media":0,"parent":0,"menu_order":0,"comment_status":"closed","ping_status":"open","template":"page-template-blank.php","meta":{"_et_pb_use_builder":"on","_et_pb_old_content":"<!-- wp:paragraph -->\n<p><strong>Pol\u00edtica de Cookies<\/strong><\/p>\n<!-- \/wp:paragraph -->\n\n<!-- wp:paragraph -->\n<p><em>\u00daltima actualizaci\u00f3n:<\/em><em>&nbsp;29 de abril de 2021<\/em><\/p>\n<!-- \/wp:paragraph -->\n\n<!-- wp:paragraph -->\n<p><strong>Sumario<\/strong><\/p>\n<!-- \/wp:paragraph -->\n\n<!-- wp:list -->\n<ul><li>Cookies usadas:&nbsp;<strong>Propias y de Terceros<\/strong><\/li><li>\u00bfSe usan para obtener estad\u00edsticas?&nbsp;<strong>S\u00ed, siendo la base legal nuestro inter\u00e9s leg\u00edtimo en realizar una mejor gesti\u00f3n del servicio.<\/strong><\/li><li>Servicios de terceros que instalan cookies a trav\u00e9s de esta web:&nbsp;<strong>Google y Google Analytics.<\/strong><\/li><\/ul>\n<!-- \/wp:list -->\n\n<!-- wp:paragraph -->\n<p><strong>C\u00f3mo configurar y deshabilitar las cookies<\/strong><\/p>\n<!-- \/wp:paragraph -->\n\n<!-- wp:paragraph -->\n<p>Puedes permitir, bloquear o eliminar las cookies instaladas en tu dispositivo desde tu navegador web. Si no permites la instalaci\u00f3n de cookies en tu dispositivo, puede que la experiencia de navegaci\u00f3n empeore. A continuaci\u00f3n puedes encontrar c\u00f3mo configurar las cookies en cada navegador:<\/p>\n<!-- \/wp:paragraph -->\n\n<!-- wp:paragraph -->\n<p>\u2013<a href=\"http:\/\/windows.microsoft.com\/es-es\/windows-10\/edge-privacy-faq\">Edge<\/a><\/p>\n<!-- \/wp:paragraph -->\n\n<!-- wp:paragraph -->\n<p>\u2013<a href=\"https:\/\/support.google.com\/chrome\/answer\/95647?hl=es\">Google Chrome<\/a><\/p>\n<!-- \/wp:paragraph -->\n\n<!-- wp:paragraph -->\n<p>\u2013<a href=\"https:\/\/support.google.com\/chrome\/answer\/114662?hl=es&amp;visit_id=1-636664625754483085-1648636281&amp;rd=1&amp;co=GENIE.Platform%3DAndroid&amp;oco=1\">&nbsp;Google Android<\/a><\/p>\n<!-- \/wp:paragraph -->\n\n<!-- wp:paragraph -->\n<p>\u2013<a href=\"https:\/\/support.microsoft.com\/es-es\/help\/17442\/windows-internet-explorer-delete-manage-cookies\">&nbsp;Internet Explorer 8<\/a><\/p>\n<!-- \/wp:paragraph -->\n\n<!-- wp:paragraph -->\n<p>\u2013<a href=\"https:\/\/support.microsoft.com\/es-es\/help\/278835\/how-to-delete-cookie-files-in-internet-explorer\">&nbsp;Internet Explorer 9<\/a><\/p>\n<!-- \/wp:paragraph -->\n\n<!-- wp:paragraph -->\n<p>\u2013<a href=\"https:\/\/support.microsoft.com\/es-es\/help\/17442\/windows-internet-explorer-delete-manage-cookies#ie=ie-10\">&nbsp;Internet Explorer 11<\/a><\/p>\n<!-- \/wp:paragraph -->\n\n<!-- wp:paragraph -->\n<p>\u2013<a href=\"https:\/\/support.mozilla.org\/es\/kb\/habilitar-y-deshabilitar-cookies-que-los-sitios-we\">Mozilla Firefox<\/a><\/p>\n<!-- \/wp:paragraph -->\n\n<!-- wp:paragraph -->\n<p>\u2013<a href=\"https:\/\/help.opera.com\/en\/latest\/web-preferences\/#cookies\">&nbsp;Opera<\/a><\/p>\n<!-- \/wp:paragraph -->\n\n<!-- wp:paragraph -->\n<p>\u2013&nbsp;<a href=\"https:\/\/support.apple.com\/es-es\/guide\/safari\/sfri11471\/mac\">Safari<\/a><\/p>\n<!-- \/wp:paragraph -->\n\n<!-- wp:paragraph -->\n<p>\u2013<a href=\"https:\/\/support.apple.com\/es-es\/HT201265\">Safari Mobile<\/a><\/p>\n<!-- \/wp:paragraph -->\n\n<!-- wp:paragraph -->\n<p><strong>1.- Tipos y usos<\/strong><\/p>\n<!-- \/wp:paragraph -->\n\n<!-- wp:paragraph -->\n<p>El servicio usa cookies propias y de terceros para mejorar la navegaci\u00f3n, proporcionar el servicio y obtener estad\u00edsticas sobre el uso de la p\u00e1gina web.<\/p>\n<!-- \/wp:paragraph -->\n\n<!-- wp:paragraph -->\n<p><strong>2.- \u00bfQu\u00e9 es una cookie y para qu\u00e9 sirve?<\/strong><\/p>\n<!-- \/wp:paragraph -->\n\n<!-- wp:paragraph -->\n<p>Una cookie es un fichero de texto que se env\u00eda al navegador web de tu ordenador, m\u00f3vil o tablet y que sirve para almacenar y recuperar informaci\u00f3n sobre la navegaci\u00f3n realizada. Por ejemplo, recordar tu nombre de usuario y contrase\u00f1a o las preferencias de tu perfil.<\/p>\n<!-- \/wp:paragraph -->\n\n<!-- wp:paragraph -->\n<p><strong>3.- \u00bfQu\u00e9 tipos de cookies hay?<\/strong><\/p>\n<!-- \/wp:paragraph -->\n\n<!-- wp:paragraph -->\n<p>Seg\u00fan qui\u00e9n las gestiona:<\/p>\n<!-- \/wp:paragraph -->\n\n<!-- wp:list -->\n<ul><li>Cookies propias; se env\u00edan a tu navegador desde nuestros equipos o dominios web.<\/li><li>Cookies de terceros; se env\u00edan a tu navegador desde un equipo o dominio web que no gestionamos nosotros directamente, sino una tercera entidad como por ejemplo Google.<\/li><\/ul>\n<!-- \/wp:list -->\n\n<!-- wp:paragraph -->\n<p>En funci\u00f3n del tiempo que est\u00e1n activas, hay:<\/p>\n<!-- \/wp:paragraph -->\n\n<!-- wp:list -->\n<ul><li>Cookies de sesi\u00f3n; permanecen en el archivo de cookies de tu navegador hasta que abandonas la p\u00e1gina web, de modo que ninguna queda en tu dispositivo.<\/li><li>Cookies persistentes; permanecen en tu dispositivo y nuestra web las lee cada vez que realizas una nueva visita. Estas cookies dejan de funcionar pasada una fecha concreta.<\/li><\/ul>\n<!-- \/wp:list -->\n\n<!-- wp:paragraph -->\n<p>Finalmente, y seg\u00fan su finalidad, tenemos:<\/p>\n<!-- \/wp:paragraph -->\n\n<!-- wp:list -->\n<ul><li>Cookies t\u00e9cnicas; mejoran la navegaci\u00f3n y el buen funcionamiento de la web.<\/li><li>Cookies de personalizaci\u00f3n; permiten acceder al servicio con unas caracter\u00edsticas predefinidas en funci\u00f3n de una serie de criterios.<\/li><li>Cookies de an\u00e1lisis; permiten medir y analizar estad\u00edsticamente el uso que se hace del servicio prestado.<\/li><\/ul>\n<!-- \/wp:list -->\n\n<!-- wp:paragraph -->\n<p>Cookies usadas por Level Training:<\/p>\n<!-- \/wp:paragraph -->\n\n<!-- wp:table -->\n<figure class=\"wp-block-table\"><table><tbody><tr><td><strong>Nombre<\/strong><\/td><td><strong>Origen<\/strong><\/td><td><strong>Finalidad<\/strong><\/td><td><strong>Tipo<\/strong><\/td><td><strong>Caducidad<\/strong><\/td><\/tr><tr><td>_ga<\/td><td>________<\/td><td>Anal\u00edtica (rendimiento)<\/td><td>Propia<\/td><td>2 a\u00f1os<\/td><\/tr><tr><td>_gid<\/td><td>________<\/td><td>Anal\u00edtica (funcionalidad)<\/td><td>Propia<\/td><td>1 d\u00eda<\/td><\/tr><tr><td>_gat<\/td><td>________<\/td><td>Anal\u00edtica (rendimiento)<\/td><td>Propia<\/td><td>Sesi\u00f3n<\/td><\/tr><\/tbody><\/table><\/figure>\n<!-- \/wp:table -->\n\n<!-- wp:paragraph -->\n<p>Lista de cookies de tercero usadas por Level Training:<\/p>\n<!-- \/wp:paragraph -->\n\n<!-- wp:paragraph -->\n<p><a href=\"http:\/\/www.google.com\/policies\/privacy\/\">Google<\/a>: Sus cookies (NID o CONSENT) permiten personalizar c\u00f3mo se ven anuncios fuera de Google o almacenar informaci\u00f3n como el idioma preferido a la hora de mostrar resultados de b\u00fasqueda.<\/p>\n<!-- \/wp:paragraph -->\n\n<!-- wp:paragraph -->\n<p><a href=\"https:\/\/www.google.com\/policies\/technologies\/types\/\">M\u00e1s informaci\u00f3n<\/a>&nbsp;sobre los tipos de cookies que usa Google en sus m\u00faltiples servicios.<\/p>\n<!-- \/wp:paragraph -->\n\n<!-- wp:paragraph -->\n<p><a href=\"https:\/\/developers.google.com\/analytics\/devguides\/collection\/analyticsjs\/cookie-usage\">Google Analytics<\/a>: Sus cookies (como por ejemplo _ga) permiten contabilizar las veces que un usuario visita una web, c\u00f3mo, cu\u00e1ndo y desde d\u00f3nde lo hace.<\/p>\n<!-- \/wp:paragraph -->\n\n<!-- wp:paragraph -->\n<p>En cualquier caso, puedes inhabilitar las cookies de Google Analytics desde<a href=\"https:\/\/tools.google.com\/dlpage\/gaoptout\">aqu\u00ed.<\/a><\/p>\n<!-- \/wp:paragraph -->","_et_gb_content_width":"","_eb_attr":"","_uag_custom_page_level_css":"","footnotes":""},"class_list":["post-3","page","type-page","status-publish","hentry"],"uagb_featured_image_src":{"full":false,"thumbnail":false,"medium":false,"medium_large":false,"large":false,"1536x1536":false,"2048x2048":false,"trp-custom-language-flag":false,"et-pb-post-main-image":false,"et-pb-post-main-image-fullwidth":false,"et-pb-portfolio-image":false,"et-pb-portfolio-module-image":false,"et-pb-portfolio-image-single":false,"et-pb-gallery-module-image-portrait":false,"et-pb-post-main-image-fullwidth-large":false,"et-pb-image--responsive--desktop":false,"et-pb-image--responsive--tablet":false,"et-pb-image--responsive--phone":false},"uagb_author_info":{"display_name":"carlosalonso","author_link":"https:\/\/www.ecorallyemallorca.com\/en\/author\/carlosalonso\/"},"uagb_comment_info":0,"uagb_excerpt":"Pol\u00edtica de Cookies \u00daltima actualizaci\u00f3n:&nbsp;29 de abril de 2021 Sumario Cookies usadas:&nbsp;Propias y de Terceros\u00bfSe usan para obtener estad\u00edsticas?&nbsp;S\u00ed, siendo la base legal nuestro inter\u00e9s leg\u00edtimo en realizar una mejor gesti\u00f3n del servicio.Servicios de terceros que instalan cookies a trav\u00e9s de esta web:&nbsp;Google y Google Analytics. C\u00f3mo configurar y deshabilitar las cookies Puedes permitir, bloquear&hellip;","_links":{"self":[{"href":"https:\/\/www.ecorallyemallorca.com\/en\/wp-json\/wp\/v2\/pages\/3","targetHints":{"allow":["GET"]}}],"collection":[{"href":"https:\/\/www.ecorallyemallorca.com\/en\/wp-json\/wp\/v2\/pages"}],"about":[{"href":"https:\/\/www.ecorallyemallorca.com\/en\/wp-json\/wp\/v2\/types\/page"}],"author":[{"embeddable":true,"href":"https:\/\/www.ecorallyemallorca.com\/en\/wp-json\/wp\/v2\/users\/1"}],"replies":[{"embeddable":true,"href":"https:\/\/www.ecorallyemallorca.com\/en\/wp-json\/wp\/v2\/comments?post=3"}],"version-history":[{"count":0,"href":"https:\/\/www.ecorallyemallorca.com\/en\/wp-json\/wp\/v2\/pages\/3\/revisions"}],"wp:attachment":[{"href":"https:\/\/www.ecorallyemallorca.com\/en\/wp-json\/wp\/v2\/media?parent=3"}],"curies":[{"name":"wp","href":"https:\/\/api.w.org\/{rel}","templated":true}]}}